{"id":64,"date":"2024-04-30T11:41:07","date_gmt":"2024-04-30T11:41:07","guid":{"rendered":"https:\/\/fiacifca.org\/?page_id=64"},"modified":"2024-04-30T11:42:32","modified_gmt":"2024-04-30T11:42:32","slug":"incio","status":"publish","type":"page","link":"https:\/\/fiacifca.org\/?page_id=64","title":{"rendered":"INCIO"},"content":{"rendered":"","protected":false},"excerpt":{"rendered":"","protected":false},"author":1,"featured_media":0,"parent":0,"menu_order":0,"comment_status":"closed","ping_status":"closed","template":"","meta":{"footnotes":""},"class_list":["post-64","page","type-page","status-publish","hentry"],"yoast_head":"<!-- This site is optimized with the Yoast SEO plugin v27.4 - https:\/\/yoast.com\/product\/yoast-seo-wordpress\/ -->\n<title>INCIO - FIACIFCA: Foro Internacional de Acci\u00f3n Cat\u00f3lica para la Renovaci\u00f3n Misionera<\/title>\n<meta name=\"robots\" content=\"index, follow, max-snippet:-1, max-image-preview:large, max-video-preview:-1\" \/>\n<link rel=\"canonical\" href=\"https:\/\/fiacifca.org\/?page_id=64\" \/>\n<meta property=\"og:locale\" content=\"en_US\" \/>\n<meta property=\"og:type\" content=\"article\" \/>\n<meta property=\"og:title\" content=\"INCIO - FIACIFCA: Foro Internacional de Acci\u00f3n Cat\u00f3lica para la Renovaci\u00f3n Misionera\" \/>\n<meta property=\"og:url\" content=\"https:\/\/fiacifca.org\/?page_id=64\" \/>\n<meta property=\"og:site_name\" content=\"FIACIFCA: Foro Internacional de Acci\u00f3n Cat\u00f3lica para la Renovaci\u00f3n Misionera\" \/>\n<meta property=\"article:modified_time\" content=\"2024-04-30T11:42:32+00:00\" \/>\n<meta name=\"twitter:card\" content=\"summary_large_image\" \/>\n<script type=\"application\/ld+json\" class=\"yoast-schema-graph\">{\"@context\":\"https:\\\/\\\/schema.org\",\"@graph\":[{\"@type\":\"WebPage\",\"@id\":\"https:\\\/\\\/fiacifca.org\\\/?page_id=64\",\"url\":\"https:\\\/\\\/fiacifca.org\\\/?page_id=64\",\"name\":\"INCIO - FIACIFCA: Foro Internacional de Acci\u00f3n Cat\u00f3lica para la Renovaci\u00f3n Misionera\",\"isPartOf\":{\"@id\":\"https:\\\/\\\/fiacifca.org\\\/#website\"},\"datePublished\":\"2024-04-30T11:41:07+00:00\",\"dateModified\":\"2024-04-30T11:42:32+00:00\",\"breadcrumb\":{\"@id\":\"https:\\\/\\\/fiacifca.org\\\/?page_id=64#breadcrumb\"},\"inLanguage\":\"en-US\",\"potentialAction\":[{\"@type\":\"ReadAction\",\"target\":[\"https:\\\/\\\/fiacifca.org\\\/?page_id=64\"]}]},{\"@type\":\"BreadcrumbList\",\"@id\":\"https:\\\/\\\/fiacifca.org\\\/?page_id=64#breadcrumb\",\"itemListElement\":[{\"@type\":\"ListItem\",\"position\":1,\"name\":\"Home\",\"item\":\"https:\\\/\\\/fiacifca.org\\\/\"},{\"@type\":\"ListItem\",\"position\":2,\"name\":\"INCIO\"}]},{\"@type\":\"WebSite\",\"@id\":\"https:\\\/\\\/fiacifca.org\\\/#website\",\"url\":\"https:\\\/\\\/fiacifca.org\\\/\",\"name\":\"FIACIFCA: Foro Internacional de Acci\u00f3n Cat\u00f3lica para la Renovaci\u00f3n Misionera\",\"description\":\"Uniendo a los Creyentes en el Servicio y la Oraci\u00f3n, Inspirando y Coordinando la Acci\u00f3n Cat\u00f3lica en el Mundo\",\"potentialAction\":[{\"@type\":\"SearchAction\",\"target\":{\"@type\":\"EntryPoint\",\"urlTemplate\":\"https:\\\/\\\/fiacifca.org\\\/?s={search_term_string}\"},\"query-input\":{\"@type\":\"PropertyValueSpecification\",\"valueRequired\":true,\"valueName\":\"search_term_string\"}}],\"inLanguage\":\"en-US\"}]}<\/script>\n<!-- \/ Yoast SEO plugin. -->","yoast_head_json":{"title":"INCIO - FIACIFCA: Foro Internacional de Acci\u00f3n Cat\u00f3lica para la Renovaci\u00f3n Misionera","robots":{"index":"index","follow":"follow","max-snippet":"max-snippet:-1","max-image-preview":"max-image-preview:large","max-video-preview":"max-video-preview:-1"},"canonical":"https:\/\/fiacifca.org\/?page_id=64","og_locale":"en_US","og_type":"article","og_title":"INCIO - FIACIFCA: Foro Internacional de Acci\u00f3n Cat\u00f3lica para la Renovaci\u00f3n Misionera","og_url":"https:\/\/fiacifca.org\/?page_id=64","og_site_name":"FIACIFCA: Foro Internacional de Acci\u00f3n Cat\u00f3lica para la Renovaci\u00f3n Misionera","article_modified_time":"2024-04-30T11:42:32+00:00","twitter_card":"summary_large_image","schema":{"@context":"https:\/\/schema.org","@graph":[{"@type":"WebPage","@id":"https:\/\/fiacifca.org\/?page_id=64","url":"https:\/\/fiacifca.org\/?page_id=64","name":"INCIO - FIACIFCA: Foro Internacional de Acci\u00f3n Cat\u00f3lica para la Renovaci\u00f3n Misionera","isPartOf":{"@id":"https:\/\/fiacifca.org\/#website"},"datePublished":"2024-04-30T11:41:07+00:00","dateModified":"2024-04-30T11:42:32+00:00","breadcrumb":{"@id":"https:\/\/fiacifca.org\/?page_id=64#breadcrumb"},"inLanguage":"en-US","potentialAction":[{"@type":"ReadAction","target":["https:\/\/fiacifca.org\/?page_id=64"]}]},{"@type":"BreadcrumbList","@id":"https:\/\/fiacifca.org\/?page_id=64#breadcrumb","itemListElement":[{"@type":"ListItem","position":1,"name":"Home","item":"https:\/\/fiacifca.org\/"},{"@type":"ListItem","position":2,"name":"INCIO"}]},{"@type":"WebSite","@id":"https:\/\/fiacifca.org\/#website","url":"https:\/\/fiacifca.org\/","name":"FIACIFCA: Foro Internacional de Acci\u00f3n Cat\u00f3lica para la Renovaci\u00f3n Misionera","description":"Uniendo a los Creyentes en el Servicio y la Oraci\u00f3n, Inspirando y Coordinando la Acci\u00f3n Cat\u00f3lica en el Mundo","potentialAction":[{"@type":"SearchAction","target":{"@type":"EntryPoint","urlTemplate":"https:\/\/fiacifca.org\/?s={search_term_string}"},"query-input":{"@type":"PropertyValueSpecification","valueRequired":true,"valueName":"search_term_string"}}],"inLanguage":"en-US"}]}},"_links":{"self":[{"href":"https:\/\/fiacifca.org\/index.php?rest_route=\/wp\/v2\/pages\/64","targetHints":{"allow":["GET"]}}],"collection":[{"href":"https:\/\/fiacifca.org\/index.php?rest_route=\/wp\/v2\/pages"}],"about":[{"href":"https:\/\/fiacifca.org\/index.php?rest_route=\/wp\/v2\/types\/page"}],"author":[{"embeddable":true,"href":"https:\/\/fiacifca.org\/index.php?rest_route=\/wp\/v2\/users\/1"}],"replies":[{"embeddable":true,"href":"https:\/\/fiacifca.org\/index.php?rest_route=%2Fwp%2Fv2%2Fcomments&post=64"}],"version-history":[{"count":1,"href":"https:\/\/fiacifca.org\/index.php?rest_route=\/wp\/v2\/pages\/64\/revisions"}],"predecessor-version":[{"id":65,"href":"https:\/\/fiacifca.org\/index.php?rest_route=\/wp\/v2\/pages\/64\/revisions\/65"}],"wp:attachment":[{"href":"https:\/\/fiacifca.org\/index.php?rest_route=%2Fwp%2Fv2%2Fmedia&parent=64"}],"curies":[{"name":"wp","href":"https:\/\/api.w.org\/{rel}","templated":true}]}}